{"id":1471,"date":"2021-02-04T14:26:14","date_gmt":"2021-02-04T13:26:14","guid":{"rendered":"https:\/\/realvalladolidacademy.com\/sports\/"},"modified":"2024-11-22T14:06:32","modified_gmt":"2024-11-22T13:06:32","slug":"facilities","status":"publish","type":"page","link":"https:\/\/realvalladolidacademy.com\/en\/facilities\/","title":{"rendered":"Facilities"},"content":{"rendered":"<div class=\"wpb-content-wrapper\"><p>[vc_row full_width=&#8221;stretch_row_content_no_spaces&#8221; css=&#8221;.vc_custom_1663586073094{margin-top: 0px !important;margin-right: 0px !important;margin-bottom: 70px !important;margin-left: 0px !important;padding-top: 0px !important;padding-right: 0px !important;padding-bottom: 0px !important;padding-left: 0px !important;}&#8221;][vc_column]\n\t\t\t<!-- START YouTube Instalaciones REVOLUTION SLIDER 6.7.29 --><p class=\"rs-p-wp-fix\"><\/p>\n\t\t\t<rs-module-wrap id=\"rev_slider_4_1_wrapper\" data-source=\"gallery\" style=\"visibility:hidden;background:transparent;padding:0;margin:0px auto;margin-top:0;margin-bottom:0;\">\n\t\t\t\t<rs-module id=\"rev_slider_4_1\" style=\"\" data-version=\"6.7.29\">\n\t\t\t\t\t<rs-slides style=\"overflow: hidden; position: absolute;\">\n\t\t\t\t\t\t<rs-slide style=\"position: absolute;\" data-key=\"rs-9\" data-title=\"video sept 2024\" data-duration=\"61000\" data-anim=\"adpr:false;\" data-in=\"o:0;\" data-out=\"a:false;\">\n\t\t\t\t\t\t\t<img fetchpriority=\"high\" decoding=\"async\" src=\"\/\/realvalladolidacademy.com\/wp-content\/plugins\/revslider\/sr6\/assets\/assets\/dummy.png\" alt=\"Academia F\u00fatbol Valladolid pasi\u00f3n fondo slider\" title=\"Academia F\u00fatbol Valladolid pasi\u00f3n fondo slider\" width=\"1920\" height=\"400\" class=\"rev-slidebg tp-rs-img rs-lazyload\" data-lazyload=\"\/\/realvalladolidacademy.com\/wp-content\/uploads\/2021\/02\/futbol-academy-valladolid-slider-pasion.jpg\" data-bg=\"p:center top;\" data-no-retina>\n<!--\n\t\t\t\t\t\t\t--><rs-layer\n\t\t\t\t\t\t\t\tid=\"slider-4-slide-9-layer-15\" \n\t\t\t\t\t\t\t\tclass=\"rs-fsv rs-layer-video intrinsic-ignore\"\n\t\t\t\t\t\t\t\tdata-type=\"video\"\n\t\t\t\t\t\t\t\tdata-rsp_ch=\"on\"\n\t\t\t\t\t\t\t\tdata-xy=\"x:0;y:0;\"\n\t\t\t\t\t\t\t\tdata-text=\"l:22;a:center;\"\n\t\t\t\t\t\t\t\tdata-dim=\"w:100%;h:100%;\"\n\t\t\t\t\t\t\t\tdata-basealign=\"slide\"\n\t\t\t\t\t\t\t\tdata-video=\"twa:false;vd:100;rwd:f;fc:true;l:true;ptimer:false;nse:f;\"\n\t\t\t\t\t\t\t\tdata-ytid=\"psP7b1nVbjU\"\n\t\t\t\t\t\t\t\tdata-vatr=\"version=3&amp;enablejsapi=1&amp;html5=1&amp;hd=1&amp;wmode=opaque&amp;showinfo=0&amp;rel=0&amp;origin=https:\/\/realvalladolidacademy.com;\"\n\t\t\t\t\t\t\t\tdata-frame_1=\"sR:10;\"\n\t\t\t\t\t\t\t\tdata-frame_999=\"o:0;st:w;sR:60690;\"\n\t\t\t\t\t\t\t\tstyle=\"z-index:8;cursor:pointer;\"\n\t\t\t\t\t\t\t>\n\t\t\t\t\t\t\t<\/rs-layer><!--\n\n\t\t\t\t\t\t\t--><rs-layer\n\t\t\t\t\t\t\t\tid=\"slider-4-slide-9-layer-25\" \n\t\t\t\t\t\t\t\tdata-type=\"text\"\n\t\t\t\t\t\t\t\tdata-xy=\"x:r;xo:20px;y:m;yo:35px;\"\n\t\t\t\t\t\t\t\tdata-text=\"s:30;l:60;fw:700;a:center;\"\n\t\t\t\t\t\t\t\tdata-dim=\"w:60px;h:60px;\"\n\t\t\t\t\t\t\t\tdata-rsp_o=\"off\"\n\t\t\t\t\t\t\t\tdata-rsp_bd=\"off\"\n\t\t\t\t\t\t\t\tdata-border=\"bor:3px,3px,3px,3px;\"\n\t\t\t\t\t\t\t\tdata-frame_1=\"sR:10;\"\n\t\t\t\t\t\t\t\tdata-frame_999=\"o:0;st:w;sR:60690;\"\n\t\t\t\t\t\t\t\tstyle=\"z-index:6;background-color:rgba(0,0,0,0.5);font-family:'Raleway';cursor:pointer;\"\n\t\t\t\t\t\t\t><i class=\"pe-7s-mute\"><\/i> \n\t\t\t\t\t\t\t<\/rs-layer><!--\n\n\t\t\t\t\t\t\t--><rs-layer\n\t\t\t\t\t\t\t\tid=\"slider-4-slide-9-layer-26\" \n\t\t\t\t\t\t\t\tdata-type=\"button\"\n\t\t\t\t\t\t\t\tdata-color=\"rgb(255, 255, 255)\"\n\t\t\t\t\t\t\t\tdata-xy=\"x:r;xo:20px;y:m;yo:-35px;\"\n\t\t\t\t\t\t\t\tdata-text=\"l:60;a:center;\"\n\t\t\t\t\t\t\t\tdata-dim=\"w:60px;h:60px;\"\n\t\t\t\t\t\t\t\tdata-rsp_o=\"off\"\n\t\t\t\t\t\t\t\tdata-rsp_bd=\"off\"\n\t\t\t\t\t\t\t\tdata-border=\"bor:3px,3px,3px,3px;\"\n\t\t\t\t\t\t\t\tdata-frame_1=\"sR:10;\"\n\t\t\t\t\t\t\t\tdata-frame_999=\"o:0;st:w;sR:60690;\"\n\t\t\t\t\t\t\t\tstyle=\"z-index:7;background-color:rgba(0,0,0,0.5);font-family:'Raleway';cursor:pointer;box-sizing:border-box;-moz-box-sizing:border-box;-webkit-box-sizing:border-box;\"\n\t\t\t\t\t\t\t>\n\t\t\t\t\t\t\t<i class=\"fa-volume-up\"><\/i>\n\t\t\t\t\t\t \n\t\t\t\t\t\t\t<\/rs-layer><!--\n-->\t\t\t\t\t<\/rs-slide>\n\t\t\t\t\t<\/rs-slides>\n\t\t\t\t<\/rs-module>\n\t\t\t\t<script>\n\t\t\t\t\tsetREVStartSize({c: 'rev_slider_4_1',rl:[1240,1240,778,778],el:[750,750,480,480],gw:[1240,1240,777,777],gh:[750,750,480,480],type:'standard',justify:'',layout:'fullwidth',mh:\"0\"});if (window.RS_MODULES!==undefined && window.RS_MODULES.modules!==undefined && window.RS_MODULES.modules[\"revslider41\"]!==undefined) {window.RS_MODULES.modules[\"revslider41\"].once = false;window.revapi4 = undefined;if (window.RS_MODULES.checkMinimal!==undefined) window.RS_MODULES.checkMinimal()}\n\t\t\t\t<\/script>\n\t\t\t<\/rs-module-wrap>\n\t\t\t<!-- END REVOLUTION SLIDER -->\n[\/vc_column][\/vc_row][vc_row gap=&#8221;20&#8243; content_placement=&#8221;middle&#8221; css=&#8221;.vc_custom_1612962553977{margin-top: 105px !important;margin-bottom: 70px !important;}&#8221;][vc_column width=&#8221;1\/2&#8243;][vc_single_image image=&#8221;2623&#8243; alignment=&#8221;center&#8221;][\/vc_column][vc_column width=&#8221;1\/2&#8243;][vc_column_text]<\/p>\n<h2 style=\"text-align: left;\">SPORTS<br \/>\n<span style=\"color: #63257f;\">FACILITIES<\/span><\/h2>\n<p>[\/vc_column_text][vc_column_text]The Real Valladolid Sports City is made up of the Fields Attached to the Jos\u00e9 Zorrilla Stadium, separated by about 20 meters of pedestrian crossing.[\/vc_column_text][vc_column_text css=&#8221;.vc_custom_1633089978563{margin-bottom: 14px !important;margin-left: 20px !important;border-bottom-width: 1px !important;padding-bottom: 8px !important;padding-left: 20px !important;border-bottom-color: #63257f !important;border-bottom-style: solid !important;}&#8221;]<strong>2 natural grass pitches<\/strong>[\/vc_column_text][vc_column_text css=&#8221;.vc_custom_1633089990150{margin-bottom: 14px !important;margin-left: 20px !important;border-bottom-width: 1px !important;padding-bottom: 8px !important;padding-left: 20px !important;border-bottom-color: #63257f !important;border-bottom-style: solid !important;}&#8221;]<strong>Artificial grass pitch<\/strong>[\/vc_column_text][vc_column_text css=&#8221;.vc_custom_1633090000821{margin-bottom: 14px !important;margin-left: 20px !important;border-bottom-width: 1px !important;padding-bottom: 8px !important;padding-left: 20px !important;border-bottom-color: #63257f !important;border-bottom-style: solid !important;}&#8221;]<strong>Capacity for 1.500 spectators.<\/strong>[\/vc_column_text][vc_column_text css=&#8221;.vc_custom_1633090006874{margin-bottom: 14px !important;margin-left: 20px !important;border-bottom-width: 1px !important;padding-bottom: 8px !important;padding-left: 20px !important;border-bottom-color: #63257f !important;border-bottom-style: solid !important;}&#8221;]<strong>Locker room<\/strong>[\/vc_column_text][vc_column_text css=&#8221;.vc_custom_1633090010676{margin-bottom: 14px !important;margin-left: 20px !important;border-bottom-width: 1px !important;padding-bottom: 8px !important;padding-left: 20px !important;border-bottom-color: #63257f !important;border-bottom-style: solid !important;}&#8221;]<strong>Cafeteria<\/strong>[\/vc_column_text]<a href=\"https:\/\/www.realvalladolid.es\/club\/instalaciones\/ciudad-deportiva-campos-anexos\" class=\"btn btn-style-default btn-accent btn-large btn-center\" target=\"_blank\">SEE WEBSITE<\/a>[\/vc_column][\/vc_row][vc_row gap=&#8221;20&#8243; content_placement=&#8221;middle&#8221; css=&#8221;.vc_custom_1612962553977{margin-top: 105px !important;margin-bottom: 70px !important;}&#8221;][vc_column width=&#8221;1\/2&#8243;][vc_single_image image=&#8221;5318&#8243; alignment=&#8221;center&#8221; css=&#8221;&#8221;][\/vc_column][vc_column width=&#8221;1\/2&#8243;][vc_column_text]<\/p>\n<h2 style=\"text-align: left;\"><span style=\"color: #63257f;\">RESIDENCE\u00a0<\/span><\/h2>\n<p>[\/vc_column_text][vc_column_text css=&#8221;&#8221;]HOTEL RESTAURANT EL MONTICO ****<\/p>\n<p>The Hotel Restaurant El Montico is located in a privileged natural area, just a few minutes from the training centres and the sports city. An environment that offers both academic needs and leisure and relaxation.<\/p>\n<ul>\n<li>Shared rooms, full bathroom, internet, study areas, dining room, outdoor swimming pool, 24h reception, parking and visits.<\/li>\n<\/ul>\n<p>[\/vc_column_text]<a href=\"https:\/\/www.hotelrestaurantemontico.com\/\" class=\"btn btn-style-default btn-accent btn-large btn-center\" target=\"_blank\">SEE WEBSITE<\/a>[\/vc_column][\/vc_row][vc_row gap=&#8221;20&#8243; content_placement=&#8221;middle&#8221; disable_element=&#8221;yes&#8221; css=&#8221;.vc_custom_1721820697710{margin-top: 105px !important;margin-bottom: 70px !important;}&#8221;][vc_column width=&#8221;1\/2&#8243;][vc_single_image image=&#8221;4440&#8243; alignment=&#8221;center&#8221;][\/vc_column][vc_column width=&#8221;1\/2&#8243;][vc_column_text]<\/p>\n<h2 style=\"text-align: left;\"><span style=\"color: #63257f;\">RESIDENCE\u00a0<\/span><\/h2>\n<p>[\/vc_column_text][vc_column_text]The Castilla y Le\u00f3n Residence Hall is located in the center of the city, a few minutes from the training centers and the sports city. An environment that offers both academic and leisure and rest needs.[\/vc_column_text][vc_column_text]<\/p>\n<p style=\"padding-left: 40px;\">Shared rooms, full bathroom, internet, laundry service, study areas, gym, dining room, 24h reception, parking and visits.<\/p>\n<p>[\/vc_column_text]<a href=\"https:\/\/www.cmcl.es\/\" class=\"btn btn-style-default btn-accent btn-large btn-center\" target=\"_blank\">SEE WEBSITE<\/a>[\/vc_column][\/vc_row][vc_row gap=&#8221;20&#8243; content_placement=&#8221;middle&#8221; css=&#8221;.vc_custom_1612962553977{margin-top: 105px !important;margin-bottom: 70px !important;}&#8221;][vc_column width=&#8221;1\/2&#8243;][vc_single_image image=&#8221;2681&#8243; alignment=&#8221;center&#8221;][\/vc_column][vc_column width=&#8221;1\/2&#8243;][vc_column_text]<\/p>\n<h2 style=\"text-align: left;\">INTERNATIONAL<br \/>\n<span style=\"color: #63257f;\">SCHOOLS<\/span><\/h2>\n<p>[\/vc_column_text][vc_column_text]<span style=\"color: #63257f;\"><strong>French Lyc\u00e9e of Castilla and Le\u00f3n:<\/strong><\/span><\/p>\n<p>Multilingual and bicultural French teaching center that welcomes children of all nationalities. 15 minutes away from sports facilities.[\/vc_column_text]<a href=\"https:\/\/lfcyl.org\/\" class=\"btn btn-style-default btn-accent btn-large btn-center\" target=\"_blank\">SEE WEBSITE<\/a>[vc_empty_space][vc_column_text]<span style=\"color: #63257f;\"><strong>International School of Valladolid:<\/strong><\/span><\/p>\n<p>English-Spanish bilingual private school in which the student is the true protagonist of the learning process. 10 minutes from sports facilities.[\/vc_column_text]<a href=\"https:\/\/valladolid.iepgroup.es\/\" class=\"btn btn-style-default btn-accent btn-large btn-center\" target=\"_blank\">SEE WEBSITE<\/a>[\/vc_column][\/vc_row][vc_row gap=&#8221;20&#8243; content_placement=&#8221;middle&#8221; disable_element=&#8221;yes&#8221; css=&#8221;.vc_custom_1633088443146{margin-top: 0px !important;padding-top: 35px !important;padding-bottom: 70px !important;background-color: #ffffff !important;}&#8221; el_id=&#8221;residencia&#8221;][vc_column width=&#8221;1\/2&#8243;][vc_single_image image=&#8221;1369&#8243;][vc_single_image image=&#8221;2020&#8243;][\/vc_column][vc_column width=&#8221;1\/2&#8243;][vc_column_text]<\/p>\n<h1>Residencia<\/h1>\n<p>[\/vc_column_text][vc_column_text]<\/p>\n<h4>COLEGIO MAYOR CASTILLA Y LE\u00d3N<\/h4>\n<p>[\/vc_column_text][vc_column_text]<span style=\"color: #63257f;\">La residencia que ofrecemos est\u00e1 ubicada en el centro de la ciudad, a escasos minutos de los centros formativos y la ciudad deportiva. La residencia est\u00e1 equipada con todos los servicios para cubrir las necesidades de los jugadores.<\/span>[\/vc_column_text][vc_column_text]Cuenta con 12.000 m2 entre residencia y patios. Un entorno que\u00a0pone a disposici\u00f3n tanto las necesidades acad\u00e9micas como las de ocio y descanso.<\/p>\n<p><strong><span style=\"color: #63257f;\">Servicios:<\/span> habitaciones individuales, ba\u00f1o completo, internet, servicio de lavander\u00eda, zonas de estudio, gimnasio, comedor, recepci\u00f3n 24h, parking y visitas.<\/strong>[\/vc_column_text]<a href=\"https:\/\/www.cmcl.es\/\" class=\"btn btn-style-default btn-accent btn-large btn-center\" target=\"_blank\">VISITAR WEB<\/a>[\/vc_column][\/vc_row]<\/p>\n<\/div>","protected":false},"excerpt":{"rendered":"<p>[vc_row full_width=&#8221;stretch_row_content_no_spaces&#8221; css=&#8221;.vc_custom_1663586073094{margin-top: 0px !important;margin-right: 0px !important;margin-bottom: 70px !important;margin-left: 0px !important;padding-top: 0px !important;padding-right: 0px !important;padding-bottom: 0px !important;padding-left: 0px !important;}&#8221;][vc_column][\/vc_column][\/vc_row][vc_row gap=&#8221;20&#8243; content_placement=&#8221;middle&#8221; css=&#8221;.vc_custom_1612962553977{margin-top: 105px !important;margin-bottom: 70px !important;}&#8221;][vc_column width=&#8221;1\/2&#8243;][vc_single_image image=&#8221;2623&#8243; alignment=&#8221;center&#8221;][\/vc_column][vc_column width=&#8221;1\/2&#8243;][vc_column_text] SPORTS FACILITIES [\/vc_column_text][vc_column_text]The Real Valladolid Sports City is made up of the Fields Attached to the Jos\u00e9 Zorrilla Stadium, separated [&hellip;]<\/p>\n","protected":false},"author":3,"featured_media":0,"parent":0,"menu_order":12,"comment_status":"closed","ping_status":"closed","template":"","meta":{"footnotes":""},"class_list":["post-1471","page","type-page","status-publish","hentry"],"yoast_head":"<!-- This site is optimized with the Yoast SEO plugin v27.3 - https:\/\/yoast.com\/product\/yoast-seo-wordpress\/ -->\n<title>Facilities - Real Valladolid Academy<\/title>\n<meta name=\"description\" content=\"Explore Real Valladolid Academy&#039;s modern facilities. Designed to provide the best training environment for football players.\" \/>\n<meta name=\"robots\" content=\"index, follow, max-snippet:-1, max-image-preview:large, max-video-preview:-1\" \/>\n<link rel=\"canonical\" href=\"https:\/\/realvalladolidacademy.com\/en\/facilities\/\" \/>\n<meta property=\"og:locale\" content=\"en_US\" \/>\n<meta property=\"og:type\" content=\"article\" \/>\n<meta property=\"og:title\" content=\"Facilities - Real Valladolid Academy\" \/>\n<meta property=\"og:description\" content=\"Explore Real Valladolid Academy&#039;s modern facilities. Designed to provide the best training environment for football players.\" \/>\n<meta property=\"og:url\" content=\"https:\/\/realvalladolidacademy.com\/en\/facilities\/\" \/>\n<meta property=\"og:site_name\" content=\"Real Valladolid Academy\" \/>\n<meta property=\"article:publisher\" content=\"https:\/\/www.facebook.com\/RValladolidAcademy\" \/>\n<meta property=\"article:modified_time\" content=\"2024-11-22T13:06:32+00:00\" \/>\n<meta name=\"twitter:card\" content=\"summary_large_image\" \/>\n<meta name=\"twitter:site\" content=\"@RVallAcademy\" \/>\n<meta name=\"twitter:label1\" content=\"Est. reading time\" \/>\n\t<meta name=\"twitter:data1\" content=\"4 minutes\" \/>\n<script type=\"application\/ld+json\" class=\"yoast-schema-graph\">{\"@context\":\"https:\\\/\\\/schema.org\",\"@graph\":[{\"@type\":\"WebPage\",\"@id\":\"https:\\\/\\\/realvalladolidacademy.com\\\/en\\\/facilities\\\/\",\"url\":\"https:\\\/\\\/realvalladolidacademy.com\\\/en\\\/facilities\\\/\",\"name\":\"Facilities - Real Valladolid Academy\",\"isPartOf\":{\"@id\":\"https:\\\/\\\/realvalladolidacademy.com\\\/en\\\/#website\"},\"datePublished\":\"2021-02-04T13:26:14+00:00\",\"dateModified\":\"2024-11-22T13:06:32+00:00\",\"description\":\"Explore Real Valladolid Academy's modern facilities. Designed to provide the best training environment for football players.\",\"breadcrumb\":{\"@id\":\"https:\\\/\\\/realvalladolidacademy.com\\\/en\\\/facilities\\\/#breadcrumb\"},\"inLanguage\":\"en-US\",\"potentialAction\":[{\"@type\":\"ReadAction\",\"target\":[\"https:\\\/\\\/realvalladolidacademy.com\\\/en\\\/facilities\\\/\"]}]},{\"@type\":\"BreadcrumbList\",\"@id\":\"https:\\\/\\\/realvalladolidacademy.com\\\/en\\\/facilities\\\/#breadcrumb\",\"itemListElement\":[{\"@type\":\"ListItem\",\"position\":1,\"name\":\"Portada\",\"item\":\"https:\\\/\\\/realvalladolidacademy.com\\\/en\\\/\"},{\"@type\":\"ListItem\",\"position\":2,\"name\":\"Facilities\"}]},{\"@type\":\"WebSite\",\"@id\":\"https:\\\/\\\/realvalladolidacademy.com\\\/en\\\/#website\",\"url\":\"https:\\\/\\\/realvalladolidacademy.com\\\/en\\\/\",\"name\":\"Real Valladolid CF International Academy\",\"description\":\"Academia Real Valladolid CF\",\"publisher\":{\"@id\":\"https:\\\/\\\/realvalladolidacademy.com\\\/en\\\/#organization\"},\"alternateName\":\"Real Valladolid CF International Academy\",\"potentialAction\":[{\"@type\":\"SearchAction\",\"target\":{\"@type\":\"EntryPoint\",\"urlTemplate\":\"https:\\\/\\\/realvalladolidacademy.com\\\/en\\\/?s={search_term_string}\"},\"query-input\":{\"@type\":\"PropertyValueSpecification\",\"valueRequired\":true,\"valueName\":\"search_term_string\"}}],\"inLanguage\":\"en-US\"},{\"@type\":\"Organization\",\"@id\":\"https:\\\/\\\/realvalladolidacademy.com\\\/en\\\/#organization\",\"name\":\"Real Valladolid CF International Academy\",\"alternateName\":\"Real Valladolid CF International Academy\",\"url\":\"https:\\\/\\\/realvalladolidacademy.com\\\/en\\\/\",\"logo\":{\"@type\":\"ImageObject\",\"inLanguage\":\"en-US\",\"@id\":\"https:\\\/\\\/realvalladolidacademy.com\\\/en\\\/#\\\/schema\\\/logo\\\/image\\\/\",\"url\":\"https:\\\/\\\/realvalladolidacademy.com\\\/wp-content\\\/uploads\\\/2021\\\/04\\\/cropped-logo-RRSS-13-scaled-1.jpg\",\"contentUrl\":\"https:\\\/\\\/realvalladolidacademy.com\\\/wp-content\\\/uploads\\\/2021\\\/04\\\/cropped-logo-RRSS-13-scaled-1.jpg\",\"width\":512,\"height\":512,\"caption\":\"Real Valladolid CF International Academy\"},\"image\":{\"@id\":\"https:\\\/\\\/realvalladolidacademy.com\\\/en\\\/#\\\/schema\\\/logo\\\/image\\\/\"},\"sameAs\":[\"https:\\\/\\\/www.facebook.com\\\/RValladolidAcademy\",\"https:\\\/\\\/x.com\\\/RVallAcademy\",\"https:\\\/\\\/www.instagram.com\\\/rvalladolidacademy\\\/\",\"https:\\\/\\\/www.linkedin.com\\\/company\\\/real-valladolid-academy\\\/\",\"https:\\\/\\\/www.youtube.com\\\/channel\\\/UClJf-9UAQu0eDvJD9u9dS-w\"]}]}<\/script>\n<!-- \/ Yoast SEO plugin. -->","yoast_head_json":{"title":"Facilities - Real Valladolid Academy","description":"Explore Real Valladolid Academy's modern facilities. Designed to provide the best training environment for football players.","robots":{"index":"index","follow":"follow","max-snippet":"max-snippet:-1","max-image-preview":"max-image-preview:large","max-video-preview":"max-video-preview:-1"},"canonical":"https:\/\/realvalladolidacademy.com\/en\/facilities\/","og_locale":"en_US","og_type":"article","og_title":"Facilities - Real Valladolid Academy","og_description":"Explore Real Valladolid Academy's modern facilities. Designed to provide the best training environment for football players.","og_url":"https:\/\/realvalladolidacademy.com\/en\/facilities\/","og_site_name":"Real Valladolid Academy","article_publisher":"https:\/\/www.facebook.com\/RValladolidAcademy","article_modified_time":"2024-11-22T13:06:32+00:00","twitter_card":"summary_large_image","twitter_site":"@RVallAcademy","twitter_misc":{"Est. reading time":"4 minutes"},"schema":{"@context":"https:\/\/schema.org","@graph":[{"@type":"WebPage","@id":"https:\/\/realvalladolidacademy.com\/en\/facilities\/","url":"https:\/\/realvalladolidacademy.com\/en\/facilities\/","name":"Facilities - Real Valladolid Academy","isPartOf":{"@id":"https:\/\/realvalladolidacademy.com\/en\/#website"},"datePublished":"2021-02-04T13:26:14+00:00","dateModified":"2024-11-22T13:06:32+00:00","description":"Explore Real Valladolid Academy's modern facilities. Designed to provide the best training environment for football players.","breadcrumb":{"@id":"https:\/\/realvalladolidacademy.com\/en\/facilities\/#breadcrumb"},"inLanguage":"en-US","potentialAction":[{"@type":"ReadAction","target":["https:\/\/realvalladolidacademy.com\/en\/facilities\/"]}]},{"@type":"BreadcrumbList","@id":"https:\/\/realvalladolidacademy.com\/en\/facilities\/#breadcrumb","itemListElement":[{"@type":"ListItem","position":1,"name":"Portada","item":"https:\/\/realvalladolidacademy.com\/en\/"},{"@type":"ListItem","position":2,"name":"Facilities"}]},{"@type":"WebSite","@id":"https:\/\/realvalladolidacademy.com\/en\/#website","url":"https:\/\/realvalladolidacademy.com\/en\/","name":"Real Valladolid CF International Academy","description":"Academia Real Valladolid CF","publisher":{"@id":"https:\/\/realvalladolidacademy.com\/en\/#organization"},"alternateName":"Real Valladolid CF International Academy","potentialAction":[{"@type":"SearchAction","target":{"@type":"EntryPoint","urlTemplate":"https:\/\/realvalladolidacademy.com\/en\/?s={search_term_string}"},"query-input":{"@type":"PropertyValueSpecification","valueRequired":true,"valueName":"search_term_string"}}],"inLanguage":"en-US"},{"@type":"Organization","@id":"https:\/\/realvalladolidacademy.com\/en\/#organization","name":"Real Valladolid CF International Academy","alternateName":"Real Valladolid CF International Academy","url":"https:\/\/realvalladolidacademy.com\/en\/","logo":{"@type":"ImageObject","inLanguage":"en-US","@id":"https:\/\/realvalladolidacademy.com\/en\/#\/schema\/logo\/image\/","url":"https:\/\/realvalladolidacademy.com\/wp-content\/uploads\/2021\/04\/cropped-logo-RRSS-13-scaled-1.jpg","contentUrl":"https:\/\/realvalladolidacademy.com\/wp-content\/uploads\/2021\/04\/cropped-logo-RRSS-13-scaled-1.jpg","width":512,"height":512,"caption":"Real Valladolid CF International Academy"},"image":{"@id":"https:\/\/realvalladolidacademy.com\/en\/#\/schema\/logo\/image\/"},"sameAs":["https:\/\/www.facebook.com\/RValladolidAcademy","https:\/\/x.com\/RVallAcademy","https:\/\/www.instagram.com\/rvalladolidacademy\/","https:\/\/www.linkedin.com\/company\/real-valladolid-academy\/","https:\/\/www.youtube.com\/channel\/UClJf-9UAQu0eDvJD9u9dS-w"]}]}},"_links":{"self":[{"href":"https:\/\/realvalladolidacademy.com\/en\/wp-json\/wp\/v2\/pages\/1471","targetHints":{"allow":["GET"]}}],"collection":[{"href":"https:\/\/realvalladolidacademy.com\/en\/wp-json\/wp\/v2\/pages"}],"about":[{"href":"https:\/\/realvalladolidacademy.com\/en\/wp-json\/wp\/v2\/types\/page"}],"author":[{"embeddable":true,"href":"https:\/\/realvalladolidacademy.com\/en\/wp-json\/wp\/v2\/users\/3"}],"replies":[{"embeddable":true,"href":"https:\/\/realvalladolidacademy.com\/en\/wp-json\/wp\/v2\/comments?post=1471"}],"version-history":[{"count":5,"href":"https:\/\/realvalladolidacademy.com\/en\/wp-json\/wp\/v2\/pages\/1471\/revisions"}],"predecessor-version":[{"id":5760,"href":"https:\/\/realvalladolidacademy.com\/en\/wp-json\/wp\/v2\/pages\/1471\/revisions\/5760"}],"wp:attachment":[{"href":"https:\/\/realvalladolidacademy.com\/en\/wp-json\/wp\/v2\/media?parent=1471"}],"curies":[{"name":"wp","href":"https:\/\/api.w.org\/{rel}","templated":true}]}}